{"id":88,"date":"2024-03-13T16:21:35","date_gmt":"2024-03-13T15:21:35","guid":{"rendered":"https:\/\/gummies.konikhair.eu\/?post_type=product&#038;p=88"},"modified":"2024-07-03T13:34:56","modified_gmt":"2024-07-03T11:34:56","slug":"zelki-konik-hair","status":"publish","type":"product","link":"https:\/\/gummies.konikhair.eu\/de\/product\/zelki-konik-hair\/","title":{"rendered":"Haar-Pferde-Gelee"},"content":{"rendered":"<figure class=\"wp-block-image size-large\"><img fetchpriority=\"high\" decoding=\"async\" width=\"1024\" height=\"675\" src=\"https:\/\/gummies.konikhair.eu\/wp-content\/uploads\/2024\/07\/sklad2-1024x675.png\" alt=\"\" class=\"wp-image-356\" srcset=\"https:\/\/gummies.konikhair.eu\/wp-content\/uploads\/2024\/07\/sklad2-1024x675.png 1024w, https:\/\/gummies.konikhair.eu\/wp-content\/uploads\/2024\/07\/sklad2-300x198.png 300w, https:\/\/gummies.konikhair.eu\/wp-content\/uploads\/2024\/07\/sklad2-768x506.png 768w, https:\/\/gummies.konikhair.eu\/wp-content\/uploads\/2024\/07\/sklad2-18x12.png 18w, https:\/\/gummies.konikhair.eu\/wp-content\/uploads\/2024\/07\/sklad2-990x653.png 990w, https:\/\/gummies.konikhair.eu\/wp-content\/uploads\/2024\/07\/sklad2-441x291.png 441w, https:\/\/gummies.konikhair.eu\/wp-content\/uploads\/2024\/07\/sklad2-600x396.png 600w, https:\/\/gummies.konikhair.eu\/wp-content\/uploads\/2024\/07\/sklad2-150x99.png 150w, https:\/\/gummies.konikhair.eu\/wp-content\/uploads\/2024\/07\/sklad2.png 1068w\" sizes=\"(max-width: 1024px) 100vw, 1024px\" \/><\/figure>","protected":false},"excerpt":{"rendered":"<ul>\n<li><b>Biotin<\/b>: F\u00f6rdert das Wachstum von Haaren und N\u00e4geln, verbessert den Hautzustand\".<\/li>\n<li><b>Zink<\/b>: St\u00e4rkt N\u00e4gel und Haare, verbessert die Elastizit\u00e4t der Haut\".<\/li>\n<li><b>Vitamin E<\/b>Sch\u00fctzt die Zellen vor oxidativem Stress und verbessert die Gesundheit der Haut\".<\/li>\n<li><b>Vitamin A<\/b>: Verbessert die Gesundheit der Haut, f\u00f6rdert das Haarwachstum\".<\/li>\n<li><b>Vitamin D3<\/b>: St\u00e4rkt die Knochen, verbessert die Gesundheit der Haut\".<\/li>\n<\/ul>\n<p><img decoding=\"async\" class=\"wp-image-355 size-large alignnone\" src=\"https:\/\/gummies.konikhair.eu\/wp-content\/uploads\/2024\/07\/sklad1-1024x293.png\" alt=\"\" width=\"1024\" height=\"293\" srcset=\"https:\/\/gummies.konikhair.eu\/wp-content\/uploads\/2024\/07\/sklad1-1024x293.png 1024w, https:\/\/gummies.konikhair.eu\/wp-content\/uploads\/2024\/07\/sklad1-300x86.png 300w, https:\/\/gummies.konikhair.eu\/wp-content\/uploads\/2024\/07\/sklad1-768x220.png 768w, https:\/\/gummies.konikhair.eu\/wp-content\/uploads\/2024\/07\/sklad1-1536x440.png 1536w, https:\/\/gummies.konikhair.eu\/wp-content\/uploads\/2024\/07\/sklad1-18x5.png 18w, https:\/\/gummies.konikhair.eu\/wp-content\/uploads\/2024\/07\/sklad1-990x283.png 990w, https:\/\/gummies.konikhair.eu\/wp-content\/uploads\/2024\/07\/sklad1-441x126.png 441w, https:\/\/gummies.konikhair.eu\/wp-content\/uploads\/2024\/07\/sklad1-600x172.png 600w, https:\/\/gummies.konikhair.eu\/wp-content\/uploads\/2024\/07\/sklad1-150x43.png 150w, https:\/\/gummies.konikhair.eu\/wp-content\/uploads\/2024\/07\/sklad1.png 1712w\" sizes=\"(max-width: 1024px) 100vw, 1024px\" \/><\/p>\n<p>&nbsp;<\/p>","protected":false},"featured_media":89,"template":"","meta":[],"product_cat":[16],"product_tag":[],"class_list":{"0":"post-88","1":"product","2":"type-product","3":"status-publish","4":"has-post-thumbnail","6":"product_cat-bez-kategorii","8":"first","9":"instock","10":"sale","11":"shipping-taxable","12":"purchasable","13":"product-type-simple"},"_links":{"self":[{"href":"https:\/\/gummies.konikhair.eu\/de\/wp-json\/wp\/v2\/product\/88","targetHints":{"allow":["GET"]}}],"collection":[{"href":"https:\/\/gummies.konikhair.eu\/de\/wp-json\/wp\/v2\/product"}],"about":[{"href":"https:\/\/gummies.konikhair.eu\/de\/wp-json\/wp\/v2\/types\/product"}],"wp:featuredmedia":[{"embeddable":true,"href":"https:\/\/gummies.konikhair.eu\/de\/wp-json\/wp\/v2\/media\/89"}],"wp:attachment":[{"href":"https:\/\/gummies.konikhair.eu\/de\/wp-json\/wp\/v2\/media?parent=88"}],"wp:term":[{"taxonomy":"product_cat","embeddable":true,"href":"https:\/\/gummies.konikhair.eu\/de\/wp-json\/wp\/v2\/product_cat?post=88"},{"taxonomy":"product_tag","embeddable":true,"href":"https:\/\/gummies.konikhair.eu\/de\/wp-json\/wp\/v2\/product_tag?post=88"}],"curies":[{"name":"wp","href":"https:\/\/api.w.org\/{rel}","templated":true}]}}